{"id":67,"date":"2020-11-28T20:55:32","date_gmt":"2020-11-28T20:55:32","guid":{"rendered":"https:\/\/nexusarts.de\/wordpress\/?page_id=67"},"modified":"2020-12-04T21:26:41","modified_gmt":"2020-12-04T21:26:41","slug":"faq","status":"publish","type":"page","link":"https:\/\/www.colors-of-shakti.de\/?page_id=67","title":{"rendered":"FAQ"},"content":{"rendered":"\n<h2>Wie l\u00e4uft so eine Session ab?<\/h2>\n\n\n\n<p>Das Coaching erfolgt in absoluter Achtsamkeit und 100%-igem Konsens. In einem Vorgespr\u00e4ch werden alle deine Fragen beantwortet und die Basics erkl\u00e4rt. Du entscheidest zu jeder Zeit, ob und wie du weitermachen m\u00f6chtest.<br><br>Damit wir dieses Thema gemeinsam angehen k\u00f6nnen brauchen wir 2 Sachen: ein Bild, das wir malen werden und das Menstruationsblut, mit dem wir das Bild malen. <br><br>Nachdem wir alles Vorbereitende besprochen und gekl\u00e4rt haben, bringen wir gemeinsam dein Wunschmotiv auf die Leinwand. Diese beh\u00e4lst du als einzigartiges Kunstobjekt und wundersch\u00f6ne Erinnerung an dieses Erlebnis.<\/p>\n\n\n\n<h2>Woher nehme ich das Bildmotiv?<\/h2>\n\n\n\n<p>Entweder du bringst ein Motiv von dir oder jmd anders als Foto\/Bilddatei mit, oder wir \u00fcberlegen gemeinsam, wie wir dich am sch\u00f6nsten in Szene setzen k\u00f6nnen und machen ein Fotoshooting. <br><br>Als Inspirationsquelle eignet sich eine einfache Google-Bildersuche mit den entsprechenden Keywords oder auch Plattformen wie Pinterest.<\/p>\n\n\n\n<h2>Wie mache ich das mit dem Blut?<\/h2>\n\n\n\n<p>Das Blut braucht etwas Vorbereitung, schlie\u00dflich kannst du es nur einige wenige Tage im Monat sammeln. Am einfachsten f\u00e4ngst du es w\u00e4hrend deiner Periode mit einer Menstruationstasse ein und lagerst es in einem kleinen Glasbeh\u00e4lter im Tiefk\u00fchlfach. Nach dem Auftauen ist es mehrere Stunden lang frisch und zum Malen absolut geeignet.<\/p>\n\n\n\n<h2>Ich kann kein eigenes Monatsblut mitbringen &#8211; was jetzt?<\/h2>\n\n\n\n<p>Es gibt viele absolut nat\u00fcrliche Gr\u00fcnde f\u00fcr diese Frage. Hormonelle Verh\u00fctung, Gesundheitliche St\u00f6rungen, Schwangerschaft, Wechseljahre etc. M\u00f6chtest du dennoch ein Workshop buchen oder ein Bild bestellen, kannst du nat\u00fcrlich entweder eine Person deines Vertrauens um eine Spende bitten, oder uns per PN kontaktieren. In diesem Fall leiten wir deine Anfrage an das uns bereits bekannte Frauennetzwerk weiter &#8211; hier besteht die M\u00f6glichkeit, eine Blutspende zu den Konditionen der Inhaberin zu bekommen. Diese Transaktion &#8211; in welcher Form auch immer &#8211; hat dann nichts mit dieser Seite zu tun und l\u00e4uft zwischen euch beiden privat ab. <\/p>\n\n\n\n<h2>Wie verwende ich einen Mens-Cup?<\/h2>\n\n\n\n<p>Auf Youtube gibt es viele wundervolle Anleitungen: <br><a href=\"https:\/\/www.youtube.com\/results?search_query=menstruationstasse\" target=\"_blank\" rel=\"noreferrer noopener\">https:\/\/www.youtube.com\/results?search_query=menstruationstasse<\/a><\/p>\n\n\n\n<h2>Wie bewahre ich das Blut auf?<\/h2>\n\n\n\n<p>Blut l\u00e4sst sich hervorragend in einem Glas einfrieren und f\u00fcr die Weiterverarbeitung wieder auftauen. Du solltest darauf achten, dass das Blut nach der Entnahme schnell in die Gefriertruhe kommt, damit sich die aus der nat\u00fcrlichen Scheidenflora stammenden Bakterien nicht bei Raumtemperatur vermehren k\u00f6nnen.<\/p>\n\n\n\n<h2>Mein Blut riecht unangenehm!<\/h2>\n\n\n\n<p>Viele Frauen denken dass ihr Regelblut unangenehm riecht. Ganz oft ist es allerdings nicht das Blut selbst, was diesen Geruch verursacht, sondern die Bakterien, die sich darin vermehren. Bei der verwendung von Tampons und Binden wird das Blut manchmal stundenlang im jeweiligen Artikel bei K\u00f6rpertemperatur warmgehalten, was ein perfektes Klima f\u00fcr eine rasche Vermehrung von Bakterien darstellt. Im Sommer kommen bei Binden und Slipeinlagen noch hohe Au\u00dfentemperaturen, Schwei\u00df und Hautbakterien hinzu. Beim Entsorgen der Hygieneartikel wird damit eine Melange an D\u00fcften freigesetzt, die als unangenehm empfunden wird. <br><br>Bei der Verwendung eines Cups wirst du feststellen, dass das ganz frisch eingefangene Blut nahezu geruchlos ist. So wie das, was aus einer Wunde an deinem Finger kommt, wenn du dich mal wieder geschnitten hast.  Das einzige was du wahrnehmen k\u00f6nntest, ist eine ganz leichte Eisen-Note, die allerdings keineswegs negativ gewertet werden sollte. <br><br>Es gibt dennoch F\u00e4lle, wenn das Blut einen starken Eigengeruch besitzt. Am h\u00e4ufigsten ist dies auf eine starke Vermehrung von Bakterien aus der vaginalen Flora zur\u00fcckzuf\u00fchren. Riecht das Blut fischig oder sehr fleischig-salzig oder anders unangenehm, lohnt sich durchaus ein Gyn-Check auf eine Pilzinfektion oder bakterielle Vaginose. Dabei ger\u00e4t die Flora aus dem Gleichgewicht und manche Bakterienst\u00e4mme vermehren sich unkontrolliert. Eine einfache Kur mit einem Antimykotikum oder Milchs\u00e4urebakterien bringt in vielen F\u00e4llen das Gleichgewicht schnell wieder zur\u00fcck und beseitigt den Geruch.<\/p>\n\n\n\n<h2>F\u00fcr wen sind die Mal-Workshops geeignet?<\/h2>\n\n\n\n<ul><li>F\u00fcr Frauen, die das Verh\u00e4ltnis zu ihrem K\u00f6rper, ihrer Weiblichkeit und ihrem Zyklus auf eine unglaublich positive Weise st\u00e4rken wollen<\/li><li>F\u00fcr Frauen, die mit ihrem eigenen Blut kreativ sein wollen<\/li><li>F\u00fcr Paare, die eine tiefere Art der Verbindung zu einander suchen und mehr \u00fcber dieMann-Frau-Polarit\u00e4t efahren m\u00f6chten<\/li><li>F\u00fcr M\u00e4nner, die sich mit der Menstruation und Weiblichkeit ernsthaft und vorurteilsfrei befassen m\u00f6chten<\/li><li>F\u00fcr Menschen, die in der Gruppe ihre Scham bearbeiten wollen<\/li><\/ul>\n\n\n\n<p><\/p>\n","protected":false},"excerpt":{"rendered":"<p>Wie l\u00e4uft so eine Session ab? Das Coaching erfolgt in absoluter Achtsamkeit und 100%-igem Konsens. In einem Vorgespr\u00e4ch werden alle deine Fragen beantwortet und die Basics erkl\u00e4rt. Du entscheidest zu jeder Zeit, ob und wie du weitermachen m\u00f6chtest. Damit wir dieses Thema gemeinsam angehen k\u00f6nnen brauchen wir 2 Sachen: ein Bild, das wir malen werden &hellip; <\/p>\n<p class=\"link-more\"><a href=\"https:\/\/www.colors-of-shakti.de\/?page_id=67\" class=\"more-link\"><span class=\"screen-reader-text\">\u201eFAQ\u201c<\/span> weiterlesen<\/a><\/p>\n","protected":false},"author":1,"featured_media":0,"parent":0,"menu_order":0,"comment_status":"closed","ping_status":"closed","template":"","meta":[],"_links":{"self":[{"href":"https:\/\/www.colors-of-shakti.de\/index.php?rest_route=\/wp\/v2\/pages\/67"}],"collection":[{"href":"https:\/\/www.colors-of-shakti.de\/index.php?rest_route=\/wp\/v2\/pages"}],"about":[{"href":"https:\/\/www.colors-of-shakti.de\/index.php?rest_route=\/wp\/v2\/types\/page"}],"author":[{"embeddable":true,"href":"https:\/\/www.colors-of-shakti.de\/index.php?rest_route=\/wp\/v2\/users\/1"}],"replies":[{"embeddable":true,"href":"https:\/\/www.colors-of-shakti.de\/index.php?rest_route=%2Fwp%2Fv2%2Fcomments&post=67"}],"version-history":[{"count":7,"href":"https:\/\/www.colors-of-shakti.de\/index.php?rest_route=\/wp\/v2\/pages\/67\/revisions"}],"predecessor-version":[{"id":208,"href":"https:\/\/www.colors-of-shakti.de\/index.php?rest_route=\/wp\/v2\/pages\/67\/revisions\/208"}],"wp:attachment":[{"href":"https:\/\/www.colors-of-shakti.de\/index.php?rest_route=%2Fwp%2Fv2%2Fmedia&parent=67"}],"curies":[{"name":"wp","href":"https:\/\/api.w.org\/{rel}","templated":true}]}}