{"id":61,"date":"2020-11-28T16:40:57","date_gmt":"2020-11-28T16:40:57","guid":{"rendered":"https:\/\/nexusarts.de\/wordpress\/?page_id=61"},"modified":"2021-01-20T16:33:39","modified_gmt":"2021-01-20T16:33:39","slug":"what-i-do","status":"publish","type":"page","link":"https:\/\/www.colors-of-shakti.de\/?page_id=61","title":{"rendered":"Warum?"},"content":{"rendered":"\n<div class=\"wp-block-group alignfull\"><div class=\"wp-block-group__inner-container\">\n<blockquote class=\"wp-block-quote is-style-large\"><p>Der weibliche K\u00f6rper ist ein Ort voller Wunder und Geheimnisse.<\/p><cite>Rumi<\/cite><\/blockquote>\n\n\n\n<p>Und as wohl wichtigste von allen ist das Geheimnis des Lebens. Es ist so elementar f\u00fcr uns alle auf der Erde, weil wir nicht da w\u00e4ren, wenn wir nicht irgendwann von einer Frau geboren worden w\u00e4ren.<\/p>\n\n\n\n<p>Nun sollte man meinen, dass alle biologischen und energetischen Prozesse, die dazu beitragen neue Menschen zu erschaffen, eigentlich gr\u00f6\u00dfte Verehrung und Dankbarkeit verdient h\u00e4tten. Doch weit gefehlt, denn in unserer westlichen Kultur ist es vielmehr \u00fcblich, einen gro\u00dfen Teil der Ereignisse zu verstecken, zu verdr\u00e4ngen und dar\u00fcber zu schweigen, solange es nicht wirklich n\u00f6tig ist, dar\u00fcber zu reden.  So sieht der Umgang im Alltag aus:<\/p>\n\n\n\n<div id=\"\" class=\"wp-block-gosign-gosign-background-contianer gosign-color-section btn-full align-false huge-padding no-margin custom-width no-min-height darkColorLayout no-top-border no-bottom-border colorSectionFe background-scroll background-cover overlay-true defined-width\"><div class=\"outer-container background-scroll\" style=\"background-image:url(https:\/\/www.colors-of-shakti.de\/wp-content\/uploads\/2020\/11\/blood-smares.jpg);background-color:#ffc7c7\"><div class=\"overBg\" style=\"background-color:#ffffff;opacity:0.4\"><\/div><div class=\"inner-container\"><div class=\"contentBlock\" style=\"max-width:30%\">\n<ul><li>Zyklus &#8211; Hoffentlich merkt es keiner, dass ich meine Tage habe!<\/li><li>Sex &#8211; Tabuthema nach au\u00dfen hin immer super, der Rest  geh\u00f6rt h\u00f6chstens hinter verschlossenen T\u00fcren. <\/li><li>Schwangeschaft &#8211; Figurprobleme, K\u00f6rperprobleme, Ern\u00e4hrungsprobleme<\/li><li>Geburt &#8211; Fruchtblasensprung, Blut und Mutterkuchen: widerlich, Wehen: furchteinfl\u00f6\u00dfend, eigener K\u00f6rper: absto\u00dfend. &#8220;Das ist so w\u00e4h, dass ich nicht mal meinen Mann gerne um mich habe &#8211; ganz zu schweigen von weniger vertrauten Personen!&#8221;<\/li><li>Baby &#8211; sch\u00f6ne Fotos bitte erst nachdem die nat\u00fcrliche Schutzh\u00fclle (K\u00e4seschmiere) ab ist und die Falten und Hautfarbe die gewohnte Anne Geddes &#8211; Standards erf\u00fcllen<\/li><li>Wochenbett &#8211; so ecklig, dass selbst Hebammen nur bei aktivem Bedarf dar\u00fcber reden<\/li><li>Stillzeit &#8211; OMG: Das kleine W\u00fcrmchen mit dem N\u00f6tigsten in der \u00d6ffentlichkeit stillen? das muss wohl \u00fcberlegt sein! <\/li><li>Wechseljahre &#8211; Hitzewallungen, Schamgef\u00fchle, Bedauern<\/li><li>usw.<\/li><\/ul>\n<\/div><\/div><\/div><\/div>\n\n\n\n<p>Diese Liste der Scham- und Tabuthemen l\u00e4sst sich beliebig vervollst\u00e4ndigen und das obwohl alles -hier erw\u00e4hnte von der Natur und der Evolution nur zu dem einzigen Zweck erschaffen wurde: uns das Wunder des Lebens erleben zu lassen.<\/p>\n\n\n\n<p>Hier hast du die einzigartige M\u00f6glichkeit, deinem Zyklus in einem ganz anderen Kontext zu begegnen. Die liebevolle und achtsam begleitete Auseinandersetzung mit dem Thema erweitert deinen Horizont und deine Komfortzone. Im Rahmen einer solchen kreativen Verhaltenstherapie-Session bekommst du die Gelegenheit, alte Glaubenss\u00e4tze aufzul\u00f6sen und die Beziehung zum eigenen K\u00f6rper zu st\u00e4rken. <\/p>\n<\/div><\/div>\n\n\n\n<p>Wie gesellschaftsunf\u00e4hig das Thema <em>Menstruation <\/em>ist, merken wir daran, dass so viele Ottonormal-Durchschnittsb\u00fcrger dabei spontan an l\u00e4stiges PMS, wiederkehrende Kopfschmerzen, fiese Bauchkr\u00e4mpfe, schlechte Laune, auslaufende Blutflecke, eckligen Geruch und andere unappetitliche Sachen denken. Zu dem tiefsitzenden Gef\u00fchl von Scham f\u00fcr sich und den eigenen K\u00f6rper kommt nicht selten die \u00dcberzeugung f\u00fcr die Zeit der Blutung \u201eunrein\u201c zu sein. Nur sehr wenige w\u00fcrden spontan rufen: \u201eWow, ja, das ist etwas Wundervolles, wodurch meine Tochter\/mein Sohn geboren werden konnte!\u201c oder zumindest: \u201eIch bin so stolz darauf, das erleben zu d\u00fcrfen, denn ich habe die mystische Gabe, Leben zu schenken!\u201c<\/p>\n\n\n\n<p>Hier hast du die einzigartige M\u00f6glichkeit, deinem Zyklus in einem ganz anderen Kontext zu begegnen. Die liebevolle und achtsam begleitete Auseinandersetzung mit dem Thema erweitert deinen Horizont und deine Komfortzone. Im Rahmen einer solchen kreativen Verhaltenstherapie-Session bekommst du die Gelegenheit, alte Glaubenss\u00e4tze aufzul\u00f6sen und die Beziehung zum eigenen K\u00f6rper zu st\u00e4rken.<\/p>\n\n\n\n<p>Das eigene K\u00f6rpergef\u00fchl wird gest\u00e4rkt: Du wirst dazu ermuntert, dich und deinen eigenen Zyklus als wertvoll und absolut erstrebenswert zu betrachten. Du erschaffst Neues mit deinem eigenen Blut, das ein wichtiger lebensspendender Teil deiner selbst ist!<br>Alte Glaubenss\u00e4tze wie \u201eMens-Blut ist widerlich und stinkt\u201c oder \u201eMenschen finden meine Regel ecklig\u201c k\u00f6nnen mit neuen positiven Erfahrungen \u00fcberschrieben werden.<br>Negativ konnotierte, alte Emotionen k\u00f6nnen durch frische Gef\u00fchle ersetzt werden:<br>Entdecke die Neugierde auf das Bevorstehende!<\/p>\n\n\n\n<ul><li>Erlebe Freude beim Konzipieren deines Bildes und Erstaunen \u00fcber die Sch\u00f6nheit und Leichtigkeit beim kreativen Arbeiten!<\/li><li>Sei stolz auf das neu entstandene Kunstwerk \u2013 es ist einzigartig auf der Welt und du hast es erschaffen \u2013 zeige es und ernte daf\u00fcr Anerkennung!<\/li><li>F\u00fchle die intime Verbindung, denn es ist 100% aus dir, mit dir und von dir kreiert!<\/li><\/ul>\n","protected":false},"excerpt":{"rendered":"<p>Wie gesellschaftsunf\u00e4hig das Thema Menstruation ist, merken wir daran, dass so viele Ottonormal-Durchschnittsb\u00fcrger dabei spontan an l\u00e4stiges PMS, wiederkehrende Kopfschmerzen, fiese Bauchkr\u00e4mpfe, schlechte Laune, auslaufende Blutflecke, eckligen Geruch und andere unappetitliche Sachen denken. Zu dem tiefsitzenden Gef\u00fchl von Scham f\u00fcr sich und den eigenen K\u00f6rper kommt nicht selten die \u00dcberzeugung f\u00fcr die Zeit der Blutung &hellip; <\/p>\n<p class=\"link-more\"><a href=\"https:\/\/www.colors-of-shakti.de\/?page_id=61\" class=\"more-link\"><span class=\"screen-reader-text\">\u201eWarum?\u201c<\/span> weiterlesen<\/a><\/p>\n","protected":false},"author":1,"featured_media":0,"parent":0,"menu_order":0,"comment_status":"closed","ping_status":"closed","template":"","meta":[],"_links":{"self":[{"href":"https:\/\/www.colors-of-shakti.de\/index.php?rest_route=\/wp\/v2\/pages\/61"}],"collection":[{"href":"https:\/\/www.colors-of-shakti.de\/index.php?rest_route=\/wp\/v2\/pages"}],"about":[{"href":"https:\/\/www.colors-of-shakti.de\/index.php?rest_route=\/wp\/v2\/types\/page"}],"author":[{"embeddable":true,"href":"https:\/\/www.colors-of-shakti.de\/index.php?rest_route=\/wp\/v2\/users\/1"}],"replies":[{"embeddable":true,"href":"https:\/\/www.colors-of-shakti.de\/index.php?rest_route=%2Fwp%2Fv2%2Fcomments&post=61"}],"version-history":[{"count":9,"href":"https:\/\/www.colors-of-shakti.de\/index.php?rest_route=\/wp\/v2\/pages\/61\/revisions"}],"predecessor-version":[{"id":399,"href":"https:\/\/www.colors-of-shakti.de\/index.php?rest_route=\/wp\/v2\/pages\/61\/revisions\/399"}],"wp:attachment":[{"href":"https:\/\/www.colors-of-shakti.de\/index.php?rest_route=%2Fwp%2Fv2%2Fmedia&parent=61"}],"curies":[{"name":"wp","href":"https:\/\/api.w.org\/{rel}","templated":true}]}}